{"id":3150,"date":"2021-01-21T20:51:25","date_gmt":"2021-01-21T20:51:25","guid":{"rendered":"https:\/\/www.emilioangles.com\/?page_id=3150"},"modified":"2021-01-21T20:51:25","modified_gmt":"2021-01-21T20:51:25","slug":"aviso-legal","status":"publish","type":"page","link":"https:\/\/www.emilioangles.com\/?page_id=3150","title":{"rendered":"Aviso Legal"},"content":{"rendered":"<div class=\"fusion-fullwidth fullwidth-box fusion-builder-row-1 nonhundred-percent-fullwidth non-hundred-percent-height-scrolling\" style=\"background-color: rgba(255,255,255,0);background-position: center center;background-repeat: no-repeat;padding-top:0px;padding-right:0px;padding-bottom:0px;padding-left:0px;margin-bottom: 0px;margin-top: 0px;border-width: 0px 0px 0px 0px;border-color:rgba(0,0,0,0.08);border-style:solid;\" ><div class=\"fusion-builder-row fusion-row\"><div class=\"fusion-layout-column fusion_builder_column fusion-builder-column-0 fusion_builder_column_1_1 1_1 fusion-one-full fusion-column-first fusion-column-last\" style=\"margin-top:0px;margin-bottom:0px;\"><div class=\"fusion-column-wrapper fusion-flex-column-wrapper-legacy\" style=\"background-position:left top;background-repeat:no-repeat;-webkit-background-size:cover;-moz-background-size:cover;-o-background-size:cover;background-size:cover;padding: 0px 0px 0px 0px;\"><div class=\"fusion-text fusion-text-1\" style=\"transform:translate3d(0,0,0);\"><h1><b>Aviso Legal<\/b><\/h1>\n<p>En cumplimiento con el deber de informaci\u00f3n recogido en art\u00edculo 10 de la Ley 34\/2002, de 11 de Julio, de Servicios de la Sociedad de la Informaci\u00f3n y del Comercio Electr\u00f3nico, le informamos que el Sitio Web y el portal de Internet www.emilioangles.com (en adelante, el \u201cWeb\u201d) es titularidad de Emilio Angles. El presente aviso legal regula las condiciones de uso del citado portal de Internet.<\/p>\n<p>El presente aviso legal regula el uso del dominio ya sea con su actual denominaci\u00f3n www.emilioangles.com o con cualquier otra con la que pueda figurar en el futuro, as\u00ed como las responsabilidades derivadas de la autorizaci\u00f3n del mismo Emilio Angles respeta tu privacidad y se esfuerza para ofrecerte una experiencia de cliente segura.<\/p>\n<p><b>Usuarios<\/b><br \/>\nSe entiende por \u201cusuario\u201d aquella persona, ya sea f\u00edsica o jur\u00eddica, que acceda, navegue, utilice o participe en los servicios y actividades, gratuitas u onerosas, desarrolladas mediante el presente Sitio Web.<\/p>\n<p><b>Ley aplicable y jurisdicci\u00f3n<\/b><br \/>\nCon car\u00e1cter general las relaciones entre Emilio Angles  y los usuarios de sus servicios telem\u00e1ticos, presentes en la web, se encuentran sometidas a la legislaci\u00f3n y jurisdicci\u00f3n espa\u00f1olas.<\/p>\n<p>Las partes renuncian expresamente al fuero que les pudiera corresponder y someten expresamente a los Juzgados y Tribunales de Barcelona para resolver cualquier controversia que pueda surgir en la interpretaci\u00f3n o ejecuci\u00f3n de las presentes condiciones contractuales.<\/p>\n<p><b>Aceptaci\u00f3n del usuario<\/b><br \/>\nEste Aviso Legal regula el acceso y utilizaci\u00f3n de la p\u00e1gina web qu\u00e9 Emilio Angles  pone a la disposici\u00f3n de los usuarios de Internet. Se considera usuario la persona que acceda, navegue, utilice o participe en los servicios y actividades de la p\u00e1gina web.<\/p>\n<p>El usuario queda informado, y acepta, que el acceso a la presente web no supone, en modo alguno, el inicio de una relaci\u00f3n comercial con Emilio Angles.<\/p>\n<p>El acceso y navegaci\u00f3n en el sitio web por parte del usuario supone la aceptaci\u00f3n de la totalidad de las presentes Condiciones de Uso . En caso de desacuerdo con las condiciones debe abstenerse a usar el sitio web.<\/p>\n<p><b>Acceso a la web<\/b><br \/>\nEl acceso a la p\u00e1gina web por parte de los usuarios es de car\u00e1cter libre y gratuito . Algunos servicios pueden encontrarse sujetos a contrataci\u00f3n previa del servicio .<\/p>\n<p>En caso de ser necesario que el usuario aporte datos personales para acceder a alguno de los servicios, la recogida y el tratamiento de los datos se realizar\u00e1n de conformidad con la normativa vigente, en concreto con el RGPD. Para m\u00e1s informaci\u00f3n, consulte nuestra pol\u00edtica de privacidad www.emilioangles.com.<\/p>\n<p><b>Contenido y uso<\/b><br \/>\nLe rogamos que lea atentamente el Aviso Legal, nuestra Pol\u00edtica de Cookies y nuestra Pol\u00edtica de Privacidad antes de usar la presente p\u00e1gina web. Mediante el acceso y uso, usted consiente quedar vinculado por los textos citados. Si tiene alguna pregunta relacionada con lo anteriormente indicado, puede ponerse en contacto con Emilio Angles a trav\u00e9s de las v\u00edas de contacto facilitadas en el presente texto .<\/p>\n<p>La visita al sitio web por parte del usuario deber\u00e1 hacerse de forma responsable y de conformidad a la legalidad vigente, la buena fe, el presente Aviso Legal y respetando los derechos de propiedad intelectual e industrial de titularidad de Emilio Angles o cualquier otras personas f\u00edsicas o jur\u00eddicas.<\/p>\n<p>El usuario se compromete a facilitar a Emilio Angles. sus datos de contacto de forma veraz y exacta (correo electr\u00f3nico y dem\u00e1s datos de contacto necesarios), as\u00ed como a no proporcionar informaci\u00f3n o documentaci\u00f3n falsa, fraudulenta o il\u00edcita.<\/p>\n<p>El uso de cualquiera de los contenidos del sitio web con finalidades que sean o pudieran ser il\u00edcitas queda totalmente prohibido, as\u00ed como la realizaci\u00f3n de cualquier acci\u00f3n que cause o pueda causar da\u00f1os o alteraciones de cualquier tipo no consentidas por Emilio Angles, al sitio web o a sus contenidos.<\/p>\n<p>Cualquier incumplimiento de las cl\u00e1usulas contenidas en el presente Sitio Web (Aviso legal, Pol\u00edtica de Privacidad, Pol\u00edtica de Cookies, as\u00ed como otros contenidos que contienen obligaciones para el usuario), as\u00ed como cualquier incumplimiento de la legalidad vigente en Espa\u00f1a, ser\u00e1 comunicado de manera inmediata a las autoridades pertinentes, por parte de. Emilio Angles, comprometi\u00e9ndose \u00e9sta a cooperar con las mismas.<\/p>\n<p>Nadie debe realizar un uso indebido de la presente p\u00e1gina web mediante la introducci\u00f3n intencionada de programas o materiales<br \/>\ntecnol\u00f3gicos perjudiciales o da\u00f1inos para la misma (por ejemplo, de virus o troyanos). No se permite el acceso no autorizado al servidor donde se encuentre alojada o relacionada informaci\u00f3n sobre la p\u00e1gina web. De la misma manera, queda totalmente prohibido realizar ataques de denegaci\u00f3n de servicios o de servicio distribuido .<\/p>\n<p>El titular del web no se identifica con las opiniones vertidas en el mismo por sus colaboradores. La empresa se reserva el derecho de efectuar sin previo aviso las modificaciones que considere oportunas en su Web, pudiendo cambiar, suprimir o a\u00f1adir tanto los contenidos y servicios que se presten a trav\u00e9s de la misma como la forma en la que \u00e9stos aparezcan presentados o localizados en sus servidores.<\/p>\n<p><b>Protecci\u00f3n de Datos de Car\u00e1cter personal<\/b><br \/>\nLa informaci\u00f3n o datos personales facilitados mediante el presente sitio web facilite ser\u00e1n tratados con arreglo a lo establecido en la Pol\u00edtica de Privacidad, as\u00ed conforme a la legislaci\u00f3n vigente sobre la misma.<\/p>\n<p>Los datos de car\u00e1cter personal proporcionados por parte del usuario mediante el presente sitio web formar\u00e1n parte de los ficheros y registros de actividad del titular del mismo y ser\u00e1n tratados de acuerdo a lo establecido en la Pol\u00edtica de Privacidad con los fines indicados para cada caso . Dicha informaci\u00f3n tendr\u00e1 car\u00e1cter confidencial y secreto, no pudiendo ser revelada a terceros ajenos, sin causa legalmente justificada o autorizaci\u00f3n expresa del usuario en cuesti\u00f3n.<\/p>\n<p>El usuario tiene derecho al acceso, oposici\u00f3n, rectificaci\u00f3n, cancelaci\u00f3n, revocaci\u00f3n, limitaci\u00f3n y portabilidad de sus datos personales a trav\u00e9s de la direcci\u00f3n de correo electr\u00f3nico;<\/p>\n<p>Para m\u00e1s informaci\u00f3n puede consultar nuestra Pol\u00edtica de Privacidad.<\/p>\n<p><b>Propiedad intelectual e industrial<\/b><br \/>\nLos derechos de propiedad intelectual del contenido de las p\u00e1ginas web, su dise\u00f1o gr\u00e1fico y c\u00f3digos son titularidad de Emilio Angles y, por tanto, queda prohibida su reproducci\u00f3n, distribuci\u00f3n, comunicaci\u00f3n p\u00fablica, transformaci\u00f3n o cualquier otra actividad que se realice con los contenidos de la p\u00e1gina web, ni siquiera aunque se citen las fuentes, salvo que se cuente con el consentimiento previo, expreso y por escrito de Emilio Angles. Todos los nombres comerciales, marcas o signos distintos de cualquier clase contenidos en las p\u00e1ginas web de la empresa son propiedad de sus due\u00f1os y est\u00e1n protegidos por Ley.<\/p>\n<p>Emilio Angles no concede ninguna licencia o autorizaci\u00f3n de uso de ninguna clase sobre sus derechos de propiedad intelectual e industrial o sobre cualquier otra propiedad o derecho relacionado con el sitio web, y en ning\u00fan caso se entender\u00e1 que el acceso y navegaci\u00f3n de los usuarios implica una renuncia, transmisi\u00f3n, licencia o cesi\u00f3n total ni parcial de dichos derechos por parte de Emilio Angles<\/p>\n<p>Cualquier uso de esos contenidos no autorizado previamente por parte de Emilio Angles ser\u00e1 considerado un incumplimiento grave de los derechos de propiedad intelectual o industrial y dar\u00e1 lugar a las responsabilidades legalmente establecidas. Emilio Angles se reserva el derecho de ejercitar frente al usuario las acciones judiciales y extrajudiciales que correspondan.<\/p>\n<p><b>Responsabilidad y garant\u00edas<\/b><br \/>\nEmilio Angles declara que ha adoptado las medidas necesarias que, dentro de sus posibilidades y el estado de la tecnolog\u00eda, permitan el correcto funcionamiento de su sitio web as\u00ed como la ausencia de virus y componentes da\u00f1inos. Sin embargo, Emilio Angles no puede hacerse responsable de las siguientes situaciones que se enumeran a t\u00edtulo enunciativo, pero no limitativo:<\/p>\n<p><b>La continuidad y disponibilidad de los Contenidos.<\/b><br \/>\nLa ausencia de errores en dichos Contenidos ni la correcci\u00f3n de cualquier defecto que pudiera ocurrir.<br \/>\nLa ausencia de virus y\/o dem\u00e1s componentes da\u00f1inos.<br \/>\nLos da\u00f1os o perjuicios que cause cualquier persona que vulnere los sistemas de seguridad de Emilio Angles.<br \/>\nEl uso que los usuarios puedan hacer de los contenidos incluidos en el web. En consecuencia, Emilio Angles no garantiza que el uso que los usuarios puedan hacer de los contenidos que en su caso se incluyan en el sitio web, se ajusten al presente aviso legal, ni que el uso del sitio web se realice de forma diligente.<br \/>\nEl uso por menores de edad del sitio web o del env\u00edo de sus datos personales sin el permiso de sus tutores, siendo los tutores responsables del uso que hagan de Internet.<br \/>\nLos contenidos a los que el usuario pueda acceder a trav\u00e9s de enlaces no autorizados o introducidos por usuarios mediante comentarios o herramientas similares.<br \/>\nLa introducci\u00f3n de datos err\u00f3neos por parte del usuario o de un tercero .<br \/>\nEmilio Angles podr\u00e1 suspender temporalmente y sin previo aviso, la accesibilidad al sitio web con motivo de operaciones de mantenimiento, reparaci\u00f3n, actualizaci\u00f3n o mejora. No obstante, siempre que las circunstancias lo permitan, Emilio Angles comunicar\u00e1 al usuario, con antelaci\u00f3n suficiente, la fecha prevista para la suspensi\u00f3n de los contenidos.<\/p>\n<p>Asimismo, de conformidad con los Arts. 11 y 16 de la Ley 34\/2002, de 11 de julio, de servicios de la sociedad de la informaci\u00f3n y de comercio electr\u00f3nico (LSSICE), Emilio Angles se compromete a la eliminaci\u00f3n o, en su caso, bloqueo de los contenidos que pudieran afectar o ser contrarios a la legislaci\u00f3n vigente, los derechos de terceros o la moral y orden p\u00fablico .<\/p>\n<p><b>Calidad de la P\u00e1gina<\/b><br \/>\nArancha Ruiz headhunter and talentist. Pone todos sus medios para que el contenido e informaci\u00f3n suministrados mediante el presente sitio web cumpla con los est\u00e1ndares de calidad, veracidad, exactitud, fiabilidad, utilidad y actualidad. No obstante, debido a la constante din\u00e1mica a la que se ve sujeta la informaci\u00f3n contenida, no se garantiza el completo cumplimiento de dichos est\u00e1ndares en todo momento, pese a que se realizar\u00e1n los mejores esfuerzos para ello, y dado el caso, se proceder\u00e1 a la subsanaci\u00f3n y\/o actualizaci\u00f3n conveniente lo m\u00e1s pronto<br \/>\nque resulte posible.<\/p>\n<p>Asimismo, el mero acceso a la informaci\u00f3n contenida en el presente sitio web no vincula de manera alguna al usuario, por lo que no le genera ning\u00fan compromiso contractual. El acceso a dicha informaci\u00f3n solamente tiene car\u00e1cter informativo, consultivo y\/o publicitario .<\/p>\n<p><b>Cookies<\/b><br \/>\nEmilio Angles utiliza cookies, a los efectos de optimizar y personalizar su navegaci\u00f3n por el sitio web. Las cookies son ficheros f\u00edsicos de informaci\u00f3n que se alojan en el propio terminal del usuario, la informaci\u00f3n recogida mediante las cookies sirve para facilitar la navegaci\u00f3n del usuario por el portal y optimizar la experiencia de navegaci\u00f3n. Los datos recopilados mediante las cookies pueden ser compartidos con los creadores de las mismas, pero en ning\u00fan caso la informaci\u00f3n obtenida por las mismas ser\u00e1 asociada a datos personales ni a datos que puedan identificar al usuario .<\/p>\n<p>Sin embargo, si el usuario no desea que se instalen cookies en su disco duro, tiene la posibilidad de configurar el navegador de tal modo que impida la instalaci\u00f3n de estos archivos. Para obtener m\u00e1s informaci\u00f3n consulte nuestra Pol\u00edtica de Cookies.<\/p>\n<p><b>Enlaces (links)<\/b><br \/>\nLa presencia de enlaces (links) en la p\u00e1gina web de Emilio Angles hacia otros sitios de Internet tiene finalidad meramente informativa y en ning\u00fan caso suponen sugerencia, invitaci\u00f3n o recomendaci\u00f3n sobre los mismos. Emilio Angles no asumir\u00e1 responsabilidad por los contenidos de un enlace perteneciente a un sitio web ajeno, ni garantizar\u00e1 la fiabilidad, exactitud, amplitud, veracidad, validez y disponibilidad t\u00e9cnica.<\/p>\n<p>En el caso de que en otros sitios web se establezcan enlaces a la p\u00e1gina web de Emilio Angles, no se entender\u00e1 que Emilio Anglesha autorizado el enlace o el contenido del sitio web en el que se contiene el enlace, tampoco podr\u00e1 incluirse en la p\u00e1gina del enlace contenidos inapropiados, difamatorios, ilegales, obscenos o il\u00edcitos, ni otros contenidos que sean contrarios a la legalidad vigente.<\/p>\n<p>Emilio Angles se reserva la posibilidad de contactar con el propietario del sitio web en el que se establezca el enlace si considera que se incumple la normativa, as\u00ed como de ejercitar las correspondientes acciones judiciales y extrajudiciales.<\/p>\n<p><b>Modificaci\u00f3n de las condiciones<\/b><br \/>\nEmilio Angles se reserva expresamente el derecho a modificar unilateralmente, total o parcialmente, sin necesidad de previo aviso, el presente Aviso Legal produciendo efectos desde el mismo momento de su publicaci\u00f3n. Y el usuario reconoce y acepta que es su responsabilidad revisar peri\u00f3dicamente el presente Aviso Legal.<\/p>\n<p>El Sitio Web tiene car\u00e1cter indefinido en lo que a su visualizaci\u00f3n de Internet respecta. No obstante, en cuanto al contenido de la misma, la empresa se reserva el derecho a efectuar las modificaciones que considere oportunas sin previo aviso, pudiendo cambiar, suprimir o a\u00f1adir tanto los contenidos y servicios que se presten a trav\u00e9s de la misma, como la forma en la que estos aparezcan presentados o localizados.<\/p>\n<\/div><div class=\"fusion-clearfix\"><\/div><\/div><\/div><\/div><\/div>\n","protected":false},"excerpt":{"rendered":"","protected":false},"author":1,"featured_media":0,"parent":0,"menu_order":0,"comment_status":"closed","ping_status":"closed","template":"","meta":{"om_disable_all_campaigns":false,"_monsterinsights_skip_tracking":false,"_monsterinsights_sitenote_active":false,"_monsterinsights_sitenote_note":"","_monsterinsights_sitenote_category":0,"footnotes":""},"aioseo_notices":[],"_links":{"self":[{"href":"https:\/\/www.emilioangles.com\/index.php?rest_route=\/wp\/v2\/pages\/3150"}],"collection":[{"href":"https:\/\/www.emilioangles.com\/index.php?rest_route=\/wp\/v2\/pages"}],"about":[{"href":"https:\/\/www.emilioangles.com\/index.php?rest_route=\/wp\/v2\/types\/page"}],"author":[{"embeddable":true,"href":"https:\/\/www.emilioangles.com\/index.php?rest_route=\/wp\/v2\/users\/1"}],"replies":[{"embeddable":true,"href":"https:\/\/www.emilioangles.com\/index.php?rest_route=%2Fwp%2Fv2%2Fcomments&post=3150"}],"version-history":[{"count":3,"href":"https:\/\/www.emilioangles.com\/index.php?rest_route=\/wp\/v2\/pages\/3150\/revisions"}],"predecessor-version":[{"id":3155,"href":"https:\/\/www.emilioangles.com\/index.php?rest_route=\/wp\/v2\/pages\/3150\/revisions\/3155"}],"wp:attachment":[{"href":"https:\/\/www.emilioangles.com\/index.php?rest_route=%2Fwp%2Fv2%2Fmedia&parent=3150"}],"curies":[{"name":"wp","href":"https:\/\/api.w.org\/{rel}","templated":true}]}}